{"id":2952,"date":"2018-12-28T00:18:01","date_gmt":"2018-12-28T03:18:01","guid":{"rendered":"https:\/\/isfdalemania-for.infd.edu.ar\/sitio\/?page_id=2952"},"modified":"2026-04-15T22:36:48","modified_gmt":"2026-04-16T01:36:48","slug":"calendario_exa","status":"publish","type":"page","link":"https:\/\/isfdalemania-for.infd.edu.ar\/sitio\/calendario_exa\/","title":{"rendered":"Calendario Mesas de  Ex\u00e1menes"},"content":{"rendered":"\n<div class=\"alignwide\"><div id=\"metaslider-id-3561\" style=\"width: 100%; margin: 0 auto;\" class=\"ml-slider-3-33-0 metaslider metaslider-flex metaslider-3561 ml-slider ms-theme-default nav-hidden\" role=\"region\" aria-roledescription=\"Slideshow\" aria-label=\"Slideshow\">\n    <div id=\"metaslider_container_3561\">\n        <div id=\"metaslider_3561\" class=\"flexslider\">\n            <ul aria-live=\"polite\" class=\"slides\">\n                <li style=\"display: block; width: 100%;\" class=\"slide-6363 ms-image\" aria-roledescription=\"slide\" aria-label=\"slide-6363\"><a href=\"https:\/\/isfdalemania-for.infd.edu.ar\/sitio\/oferta-academica-2026-isfdyt-rca-federal-de-alemania-el-colorado\/\" target=\"_self\"><img src=\"https:\/\/isfdalemania-for.infd.edu.ar\/sitio\/wp-content\/uploads\/2025\/11\/OFERTA-ACADEMICA_2026.png\" height=\"90\" width=\"768\" alt=\"Oferta Acad\u00e9mica 2026\" class=\"slider-3561 slide-6363\" title=\"Oferta Acad\u00e9mica 2026\" \/><\/a><\/li>\n                <li style=\"display: none; width: 100%;\" class=\"slide-6359 ms-image\" aria-roledescription=\"slide\" aria-label=\"slide-6359\"><a href=\"https:\/\/isfdalemania-for.infd.edu.ar\/sitio\/inscripcion_examenes\/\" target=\"_self\"><img src=\"https:\/\/isfdalemania-for.infd.edu.ar\/sitio\/wp-content\/uploads\/2025\/02\/INSCRIPCION_MESAS.png\" height=\"90\" width=\"768\" alt=\"Sujeto a calendario acad\u00e9mico vigente\" class=\"slider-3561 slide-6359\" title=\"Inscripciones a mesas de ex\u00e1menes\" \/><\/a><\/li>\n                <li style=\"display: none; width: 100%;\" class=\"slide-6361 ms-image\" aria-roledescription=\"slide\" aria-label=\"slide-6361\"><a href=\"https:\/\/isfdalemania-for.infd.edu.ar\/sitio\/examenes-2024\/\" target=\"_self\"><img src=\"https:\/\/isfdalemania-for.infd.edu.ar\/sitio\/wp-content\/uploads\/2025\/02\/calendario_examenes.png\" height=\"90\" width=\"768\" alt=\"calendario mesas de ex\u00e1menes\" class=\"slider-3561 slide-6361\" title=\"Calendario de mesas de ex\u00e1manes\" \/><\/a><\/li>\n            <\/ul>\n        <\/div>\n        \n    <\/div>\n<\/div><\/div>\n\n\n\n<p class=\"has-text-align-center\"><strong>Pr\u00f3ximas Fechas de Ex\u00e1menes Finales Acorde al Calendario Acad\u00e9mico 202<\/strong>5<\/p>\n\n\n<div class=\"wp-block-image\">\n<figure class=\"aligncenter size-full\"><img decoding=\"async\" loading=\"lazy\" width=\"847\" height=\"279\" src=\"https:\/\/isfdalemania-for.infd.edu.ar\/sitio\/wp-content\/uploads\/2026\/04\/2026-04-15_22h35_56.png\" alt=\"\" class=\"wp-image-6843\" srcset=\"https:\/\/isfdalemania-for.infd.edu.ar\/sitio\/wp-content\/uploads\/2026\/04\/2026-04-15_22h35_56.png 847w, https:\/\/isfdalemania-for.infd.edu.ar\/sitio\/wp-content\/uploads\/2026\/04\/2026-04-15_22h35_56-768x253.png 768w\" sizes=\"(max-width: 847px) 100vw, 847px\" \/><\/figure><\/div>\n\n\n<hr class=\"wp-block-separator has-alpha-channel-opacity\"\/>\n\n\n\n<h2 class=\"wp-block-heading has-text-align-center\">DISP. 254\/18<\/h2>\n\n\n\n<h2 class=\"wp-block-heading has-text-align-center\">Las inscripciones se realizar\u00e1n en l\u00ednea a trav\u00e9s de los respectivos enlaces que se habilitar\u00e1n en el rango de fechas publicadas.<\/h2>\n\n\n\n<h2 class=\"wp-block-heading has-text-align-center\"><strong>Actualizaci\u00f3n del proceso de inscripci\u00f3n en l\u00ednea para ex\u00e1menes finales<\/strong><\/h2>\n\n\n\n<p class=\"has-text-align-left\">&nbsp;&nbsp;&nbsp; <strong>Acorde a la Disposici\u00f3n Interna n\u00b0254\/18 se resuelve actualizar el sistema en l\u00ednea para optimizar y mejorar el proceso de inscripci\u00f3n seg\u00fan los siguientes Art\u00edculos:<\/strong><\/p>\n\n\n\n<p><strong>ART\u00cdCULO&nbsp; 1 &#8211;&nbsp; El sistema de inscripci\u00f3n basado en formularios en l\u00ednea y procesados con planillas de c\u00e1lculos, se habilitar\u00e1n a partir del ciclo lectivo 2019, tanto para los turnos de mesas de ex\u00e1menes con dos llamados como para mesas de ex\u00e1menes extraordinarias.<\/strong><\/p>\n\n\n\n<p><strong>ART\u00cdCULO 2-&nbsp; El per\u00edodo de inscripci\u00f3n ser\u00e1 <u>\u00fanico<\/u> para todos los espacios y carreras, no pudiendo inscribirse en el mismo espacio en forma simult\u00e1nea en los turnos con dos llamados.<\/strong><\/p>\n\n\n\n<p><strong>ART\u00cdCULO 3-&nbsp; El alumno deber\u00e1 arbitrar los medios y la conectividad necesaria para realizar en forma correcta y con la antelaci\u00f3n necesaria la inscripci\u00f3n en l\u00ednea.<\/strong><\/p>\n\n\n\n<p><strong>ART\u00cdCULO &nbsp;4-&nbsp; La Instituci\u00f3n no ser\u00e1 responsable por la mala conectividad o fallas en la misma al momento de realizar el proceso de inscripci\u00f3n.<\/strong><\/p>\n\n\n\n<p><strong>ART\u00cdCULO 5-&nbsp; Solo se realizar\u00e1n las inscripciones a ex\u00e1menes en los espacios habilitados dentro del per\u00edodo estipulado por la direcci\u00f3n del Instituto, acordes a las fechas establecidas seg\u00fan el calendario escolar.<\/strong><\/p>\n\n\n\n<p><strong>ART\u00cdCULO &nbsp;6-&nbsp; Ante cualquier inconveniente con el proceso de inscripci\u00f3n el alumno deber\u00e1 presentar a la direcci\u00f3n, copia del mail de confirmaci\u00f3n emitido oportunamente por el sistema en donde se aprecie claramente fecha de recepci\u00f3n del mismo, &nbsp;o&nbsp; reenviando el comprobante a la siguiente direcci\u00f3n: <a href=\"mailto:preceptoriaisfdrfa@gmail.com\">preceptoriaisfdrfa@gmail.com<\/a>. &nbsp;El reclamo deber\u00e1 ser realizado dentro del per\u00edodo de inscripci\u00f3n.<\/strong><\/p>\n\n\n\n<p><strong>ART\u00cdCULO 7-&nbsp; La cancelaci\u00f3n o anulaci\u00f3n de inscripciones a espacios solo ser\u00e1 posible a trav\u00e9s del formulario en l\u00ednea habilitado para tal fin y dentro del per\u00edodo de inscripci\u00f3n habilitado.<\/strong><\/p>\n\n\n\n<p><strong>ART\u00cdCULO 8-&nbsp; La cancelaci\u00f3n de inscripci\u00f3n a espacios curriculares ser\u00e1 efectiva una vez comunicado v\u00eda mail a la direcci\u00f3n registrada por el alumno en el formulario de solicitud de cancelaci\u00f3n a inscripciones (la direcci\u00f3n de mail deber\u00e1 ser la misma que la registrada en el proceso de inscripci\u00f3n) y detallado en el campo observaciones en vista previa de inscriptos con la leyenda \u201cinscripci\u00f3n cancelada por solicitud del alumno\u201d.<\/strong><\/p>\n\n\n\n<p><strong>&nbsp;ART\u00cdCULO 9-&nbsp; Si el alumno por cualquier motivo realiza varias veces el &nbsp;&nbsp;proceso de inscripci\u00f3n en el mismo espacio, turno o llamado, se tomar\u00e1 como v\u00e1lido el \u00faltimo proceso realizado seg\u00fan registre la marca temporal habilitada en los formularios y visible en la vista de inscriptos.<\/strong><\/p>\n\n\n\n<p><strong>ART\u00cdCULO 10-&nbsp;&nbsp; Para poder acceder a los formularios de inscripci\u00f3n el &nbsp;&nbsp;alumno deber\u00e1 poseer indefectiblemente una cuenta de correo en \u201cgmail\u201d. De no poseer una deber\u00e1 crearla siguiendo los pasos descriptos en la siguiente direcci\u00f3n web:<\/strong><\/p>\n\n\n\n<figure class=\"wp-block-embed\"><div class=\"wp-block-embed__wrapper\">\nhttps:\/\/support.google.com\/mail\/answer\/56256?hl=es-419\n<\/div><\/figure>\n\n\n\n<p><strong>ART\u00cdCULO 11-&nbsp; Los formularios de inscripci\u00f3n solo se habilitar\u00e1n a trav\u00e9s del sitio Web institucional en la secci\u00f3n habilitada para tal fin, salvo que se determine canal alternativo, previa comunicaci\u00f3n por parte de la Instituci\u00f3n a trav\u00e9s de los canales legalmente habilitados, redes sociales, mensajer\u00eda interna del campus virtual &nbsp;y\/o transparentes&nbsp; en la instituci\u00f3n con un m\u00ednimo de 5 d\u00edas h\u00e1biles previos a la fecha prevista para la habilitaci\u00f3n a las inscripciones.<\/strong><\/p>\n\n\n\n<p><strong>ART\u00cdCULO 12-&nbsp; Mientras est\u00e9 vigente el sistema de inscripci\u00f3n en l\u00ednea y durante el per\u00edodo que dure la mesa examinatoria, no se aceptar\u00e1n inscripciones en ning\u00fan caso en forma manual o manuscrita.<\/strong><\/p>\n\n\n\n<p><strong>ART\u00cdCULO 13- &nbsp; A efectos de facilitar a los alumnos los pasos para realizar el procedimiento de inscripci\u00f3n a mesas de ex\u00e1menes finales, se adjunta diagrama informativo del mismo. Quedando a criterio de la Instituci\u00f3n realizar las modificaciones y\/o actualizaciones que consideren necesarias a los procesos descriptos en el diagrama; as\u00ed como tambi\u00e9n la difusi\u00f3n y comunicado de dichos cambios.<\/strong><\/p>\n\n\n<div class=\"wp-block-image\">\n<figure class=\"aligncenter\"><img decoding=\"async\" loading=\"lazy\" width=\"607\" height=\"1000\" src=\"https:\/\/isfdalemania-for.infd.edu.ar\/sitio\/wp-content\/uploads\/2018\/12\/Proceso-de-Inscripci\u00f3nes-Mesas-de-Ex\u00e1menes-607x1000.jpeg\" alt=\"\" class=\"wp-image-2965\" srcset=\"https:\/\/isfdalemania-for.infd.edu.ar\/sitio\/wp-content\/uploads\/2018\/12\/Proceso-de-Inscripci\u00f3nes-Mesas-de-Ex\u00e1menes-607x1000.jpeg 607w, https:\/\/isfdalemania-for.infd.edu.ar\/sitio\/wp-content\/uploads\/2018\/12\/Proceso-de-Inscripci\u00f3nes-Mesas-de-Ex\u00e1menes-768x1265.jpeg 768w, https:\/\/isfdalemania-for.infd.edu.ar\/sitio\/wp-content\/uploads\/2018\/12\/Proceso-de-Inscripci\u00f3nes-Mesas-de-Ex\u00e1menes-1154x1900.jpeg 1154w\" sizes=\"(max-width: 607px) 100vw, 607px\" \/><\/figure><\/div>\n\n\n<div class=\"wp-block-buttons is-content-justification-center is-layout-flex wp-container-1\">\n<div class=\"wp-block-button has-custom-width wp-block-button__width-50 is-style-fill\"><a class=\"wp-block-button__link has-base-2-color has-accent-background-color has-text-color has-background wp-element-button\" href=\"https:\/\/isfdalemania-for.infd.edu.ar\/sitio\/inscripcion_examenes\/\">ACCEDER AL MEN\u00da DE CARRERAS DISPONIBLES PARA RENDIR<\/a><\/div>\n<\/div>\n\n\n\n<p>Publicada el:&nbsp;<b>28 Diciembre de 2018<\/b><\/p>\n\n\n\n<p>\u00daltima edici\u00f3n: 06 Mar de 2019<\/p>\n","protected":false},"excerpt":{"rendered":"<p>Pr\u00f3ximas Fechas de Ex\u00e1menes Finales Acorde al Calendario Acad\u00e9mico 2025 DISP. 254\/18 Las inscripciones se realizar\u00e1n en l\u00ednea a trav\u00e9s de los respectivos enlaces que se habilitar\u00e1n en el rango de fechas publicadas. Actualizaci\u00f3n del proceso de inscripci\u00f3n en l\u00ednea para ex\u00e1menes finales &nbsp;&nbsp;&nbsp; Acorde a la Disposici\u00f3n Interna n\u00b0254\/18 se resuelve actualizar el sistema &#8230; <a title=\"Calendario Mesas de  Ex\u00e1menes\" class=\"read-more\" href=\"https:\/\/isfdalemania-for.infd.edu.ar\/sitio\/calendario_exa\/\" aria-label=\"More on Calendario Mesas de  Ex\u00e1menes\">[+]<\/a><\/p>\n","protected":false},"author":809,"featured_media":0,"parent":0,"menu_order":0,"comment_status":"closed","ping_status":"closed","template":"","meta":[],"acf":[],"_links":{"self":[{"href":"https:\/\/isfdalemania-for.infd.edu.ar\/sitio\/wp-json\/wp\/v2\/pages\/2952"}],"collection":[{"href":"https:\/\/isfdalemania-for.infd.edu.ar\/sitio\/wp-json\/wp\/v2\/pages"}],"about":[{"href":"https:\/\/isfdalemania-for.infd.edu.ar\/sitio\/wp-json\/wp\/v2\/types\/page"}],"author":[{"embeddable":true,"href":"https:\/\/isfdalemania-for.infd.edu.ar\/sitio\/wp-json\/wp\/v2\/users\/809"}],"replies":[{"embeddable":true,"href":"https:\/\/isfdalemania-for.infd.edu.ar\/sitio\/wp-json\/wp\/v2\/comments?post=2952"}],"version-history":[{"count":87,"href":"https:\/\/isfdalemania-for.infd.edu.ar\/sitio\/wp-json\/wp\/v2\/pages\/2952\/revisions"}],"predecessor-version":[{"id":6844,"href":"https:\/\/isfdalemania-for.infd.edu.ar\/sitio\/wp-json\/wp\/v2\/pages\/2952\/revisions\/6844"}],"wp:attachment":[{"href":"https:\/\/isfdalemania-for.infd.edu.ar\/sitio\/wp-json\/wp\/v2\/media?parent=2952"}],"curies":[{"name":"wp","href":"https:\/\/api.w.org\/{rel}","templated":true}]}}